{"id":20,"date":"2019-05-29T05:13:46","date_gmt":"2019-05-29T05:13:46","guid":{"rendered":"https:\/\/themify.me\/demo\/themes\/ultra-church\/?page_id=394"},"modified":"2022-04-24T12:14:07","modified_gmt":"2022-04-24T10:14:07","slug":"news","status":"publish","type":"page","link":"https:\/\/annick-moerman.com\/index.php\/news\/","title":{"rendered":"News"},"content":{"rendered":"<div id=\"themify_builder_content-20\" data-postid=\"20\" class=\"themify_builder_content themify_builder_content-20 themify_builder\">\n    \t<!-- module_row -->\n\t<div   class=\"themify_builder_row module_row clearfix fullcover fullwidth_row_container module_row_0 themify_builder_20_row module_row_20-0 tb_uoh1700\">\n\t    \t    <div class=\"row_inner col_align_middle\"   data-basecol=\"2\" data-col_tablet=\"column-full\" data-col_tablet_landscape=\"column-full\">\n\t\t\t<div  class=\"module_column tb-column col4-2 first tb_20_column module_column_0 module_column_20-0-0 tb_i5dp700 repeat\" style=\"width: 56%\" >\n\t    \t    \t        <div class=\"tb-column-inner\">\n\t\t    <!-- module text -->\n<div  class=\"module module-text tb_czfy702    \">\n            <div  class=\"tb_text_wrap\">\n    <h1><em><strong>News<\/strong><\/em><\/h1>    <\/div>\n<\/div>\n<!-- \/module text -->\n\t        <\/div>\n\t    \t<\/div>\n\t\t<div  class=\"module_column tb-column col4-2 last tb_20_column module_column_1 module_column_20-0-1 tb_fgsg703 repeat\" style=\"width: 40.8%\" >\n\t    \t    \t<\/div>\n\t\t    <\/div>\n\t    <!-- \/row_inner -->\n\t<\/div>\n\t<!-- \/module_row -->\n\t\t<!-- module_row -->\n\t<div  class=\"themify_builder_row module_row clearfix module_row_1 themify_builder_20_row module_row_20-1 tb_zkyu517\">\n\t    \t    <div class=\"row_inner col_align_top\" >\n\t\t\t<div  class=\"module_column tb-column col-full first tb_20_column module_column_0 module_column_20-1-0 tb_g0hd519\">\n\t    \t    \t        <div class=\"tb-column-inner\">\n\t\t        <!-- module post -->\n    <div  class=\"module module-post tb_4mk9638 \">\n                <div class=\"builder-posts-wrap clearfix loops-wrapper  list-large-image\">\n            \n\n<article id=\"post-693\" class=\"post clearfix post-693 type-post status-publish format-standard has-post-thumbnail hentry category-non-classe has-post-title no-post-date has-post-category has-post-tag has-post-comment has-post-author   cat-1\">\n\t\n            <a href=\"https:\/\/annick-moerman.com\/index.php\/2025\/05\/07\/unser-prickelndes-sextett-poet-chansons-hat-bald-zwei-auftritte\/\" aria-label=\"Unser prickelndes Sextett &#8220;Po\u00ebt &#038; Chansons&#8221; hat bald zwei Auftritte!\" data-post-permalink=\"yes\" style=\"display: none;\"><\/a>\n    \n\t\n\t\n\t\n\t\t\n\t\t\t<figure class=\"post-image  clearfix\">\n\n\t\t\t\t\t\t\t\t\t<a href=\"https:\/\/annick-moerman.com\/index.php\/2025\/05\/07\/unser-prickelndes-sextett-poet-chansons-hat-bald-zwei-auftritte\/\"><img loading=\"lazy\" src=\"https:\/\/annick-moerman.com\/wp-content\/uploads\/2025\/05\/DSC_4072-copie-1024x723-800x460.jpg\" width=\"800\" height=\"460\" class=\" wp-post-image wp-image-709\" title=\"DSC_4072 - copie\" alt=\"DSC_4072 - copie\" srcset=\"https:\/\/annick-moerman.com\/wp-content\/uploads\/2025\/05\/DSC_4072-copie-1024x723-800x460.jpg 800w, https:\/\/annick-moerman.com\/wp-content\/uploads\/2025\/05\/DSC_4072-copie-1024x723-1160x665.jpg 1160w\" sizes=\"(max-width: 800px) 100vw, 800px\" \/><\/a>\n\t\t\t\t\n\t\t\t<\/figure>\n\n\t\t\n\t\n\t\n\t<div class=\"post-content\">\n\t\t<div class=\"post-content-inner\">\n\n\t\t\t\n\t\t\t\t\t\t\t <h2 class=\"post-title entry-title\">Unser prickelndes Sextett &#8220;Po\u00ebt &#038; Chansons&#8221; hat bald zwei Auftritte! <\/h2>\t\t\t\n\t\t\t\n\t\t\t\n\t\t\t<div class=\"entry-content\">\n\n\t\t\t\t\n\t\t\t\t\t\n<p>Am  So 25.05.25, 18Uhr im Artbar, Frankfurt : <a href=\"https:\/\/frankfurtartbar.de\/#Live-Music\">https:\/\/frankfurtartbar.de\/#Live-Music<\/a><\/p>\n\n\n\n<p>und am Mi 28.05.25, 19.30 in Oberursel : <a href=\"https:\/\/www.kulturcafe-windrose.de\/event-details\/kleiner-mittwoch-poesie-und-chanson\">https:\/\/www.kulturcafe-windrose.de\/event-details\/kleiner-mittwoch-poesie-und-chanson<\/a><\/p>\n\n\n\n<p><\/p>\n\n\n<div class=\"themify_builder_content themify_builder_content-693 themify_builder not_editable_builder in_the_loop\" data-postid=\"693\">\n    <\/div>\n\n\t\t\t\t\n\t\t\t<\/div><!-- \/.entry-content -->\n\n\t\t\t\n\t\t<\/div>\n\t\t<!-- \/.post-content-inner -->\n\t<\/div>\n\t<!-- \/.post-content -->\n\t\n<\/article>\n<!-- \/.post -->\n\n\n<article id=\"post-689\" class=\"post clearfix post-689 type-post status-publish format-standard has-post-thumbnail hentry category-non-classe has-post-title no-post-date has-post-category has-post-tag has-post-comment has-post-author   cat-1\">\n\t\n            <a href=\"https:\/\/annick-moerman.com\/index.php\/2024\/12\/04\/poetry-classic-fusion\/\" aria-label=\"Poetry &#038; Classic Fusion\" data-post-permalink=\"yes\" style=\"display: none;\"><\/a>\n    \n\t\n\t\n\t\n\t\t\n\t\t\t<figure class=\"post-image  clearfix\">\n\n\t\t\t\t\t\t\t\t\t<a href=\"https:\/\/annick-moerman.com\/index.php\/2024\/12\/04\/poetry-classic-fusion\/\"><img loading=\"lazy\" src=\"https:\/\/annick-moerman.com\/wp-content\/uploads\/2024\/12\/DSC_4031-ll-1024x625-800x460.jpg\" width=\"800\" height=\"460\" class=\" wp-post-image wp-image-686\" title=\"DSC_4031 - ll\" alt=\"DSC_4031 - ll\" srcset=\"https:\/\/annick-moerman.com\/wp-content\/uploads\/2024\/12\/DSC_4031-ll-1024x625-800x460.jpg 800w, https:\/\/annick-moerman.com\/wp-content\/uploads\/2024\/12\/DSC_4031-ll-1024x625-1160x665.jpg 1160w\" sizes=\"(max-width: 800px) 100vw, 800px\" \/><\/a>\n\t\t\t\t\n\t\t\t<\/figure>\n\n\t\t\n\t\n\t\n\t<div class=\"post-content\">\n\t\t<div class=\"post-content-inner\">\n\n\t\t\t\n\t\t\t\t\t\t\t <h2 class=\"post-title entry-title\">Poetry &#038; Classic Fusion <\/h2>\t\t\t\n\t\t\t\n\t\t\t\n\t\t\t<div class=\"entry-content\">\n\n\t\t\t\t\n\t\t\t\t\t\n<p>Wit treten am Sa 07.12.2024 in Eschborn K auf !<\/p>\n\n\n\n<p>Info: <a href=\"https:\/\/eschborn-k.de\/events\/poetry-classic-fusion\/\">https:\/\/eschborn-k.de\/events\/poetry-classic-fusion\/<\/a><\/p>\n\n\n<div class=\"themify_builder_content themify_builder_content-689 themify_builder not_editable_builder in_the_loop\" data-postid=\"689\">\n    <\/div>\n\n\t\t\t\t\n\t\t\t<\/div><!-- \/.entry-content -->\n\n\t\t\t\n\t\t<\/div>\n\t\t<!-- \/.post-content-inner -->\n\t<\/div>\n\t<!-- \/.post-content -->\n\t\n<\/article>\n<!-- \/.post -->\n\n\n<article id=\"post-662\" class=\"post clearfix post-662 type-post status-publish format-standard has-post-thumbnail hentry category-non-classe has-post-title no-post-date has-post-category has-post-tag has-post-comment has-post-author   cat-1\">\n\t\n            <a href=\"https:\/\/annick-moerman.com\/index.php\/2024\/09\/09\/entdecke-deine-welt-durch-die-augen-von-sintropiu\/\" aria-label=\"Entdecke deine Welt durch die Augen von SINTROPIU\" data-post-permalink=\"yes\" style=\"display: none;\"><\/a>\n    \n\t\n\t\n\t\n\t\t\n\t\t\t<figure class=\"post-image  clearfix\">\n\n\t\t\t\t\t\t\t\t\t<a href=\"https:\/\/annick-moerman.com\/index.php\/2024\/09\/09\/entdecke-deine-welt-durch-die-augen-von-sintropiu\/\"><img loading=\"lazy\" src=\"https:\/\/annick-moerman.com\/wp-content\/uploads\/2024\/09\/SINTROPIU-768x1024-800x460.jpg\" width=\"800\" height=\"460\" class=\" wp-post-image wp-image-661\" title=\"SINTROPIU\" alt=\"SINTROPIU\" srcset=\"https:\/\/annick-moerman.com\/wp-content\/uploads\/2024\/09\/SINTROPIU-768x1024-800x460.jpg 800w, https:\/\/annick-moerman.com\/wp-content\/uploads\/2024\/09\/SINTROPIU-768x1024-1160x665.jpg 1160w\" sizes=\"(max-width: 800px) 100vw, 800px\" \/><\/a>\n\t\t\t\t\n\t\t\t<\/figure>\n\n\t\t\n\t\n\t\n\t<div class=\"post-content\">\n\t\t<div class=\"post-content-inner\">\n\n\t\t\t\n\t\t\t\t\t\t\t <h2 class=\"post-title entry-title\">Entdecke deine Welt durch die Augen von SINTROPIU <\/h2>\t\t\t\n\t\t\t\n\t\t\t\n\t\t\t<div class=\"entry-content\">\n\n\t\t\t\t\n\t\t\t\t\t\n<p>Art performance am<strong> Fr 13.09.2024, 19.00-21.00<\/strong><\/p>\n\n\n\n<p>in der Galerie RUPRECHT CONTEMPORARY, B\u00fcdingenstr.4-6, 65183 Wiesbaden.<\/p>\n\n\n\n<p>Das Epos vom FANCY COSMO : schematisches Ritual mit Pl\u00fcschtieren und Musik <\/p>\n\n\n\n<p>mit Annick und <strong>Christine Straszweski<\/strong> (Malerin) &amp; das Publikum.<\/p>\n\n\n\n<p>Mitzubringen: Yogamatte oder Decke, Pl\u00fcschtier, bequeme Kleidung, 15 \u20ac, <strong>mit Voranmeldung<\/strong>: LR@rubrecht-contemporary.com<\/p>\n\n\n<div class=\"themify_builder_content themify_builder_content-662 themify_builder not_editable_builder in_the_loop\" data-postid=\"662\">\n    <\/div>\n\n\t\t\t\t\n\t\t\t<\/div><!-- \/.entry-content -->\n\n\t\t\t\n\t\t<\/div>\n\t\t<!-- \/.post-content-inner -->\n\t<\/div>\n\t<!-- \/.post-content -->\n\t\n<\/article>\n<!-- \/.post -->\n\n\n<article id=\"post-591\" class=\"post clearfix post-591 type-post status-publish format-standard has-post-thumbnail hentry category-non-classe has-post-title no-post-date has-post-category has-post-tag has-post-comment has-post-author   cat-1\">\n\t\n            <a href=\"https:\/\/annick-moerman.com\/index.php\/2024\/06\/11\/em-frankfurt-2024\/\" aria-label=\"EM- Frankfurt 2024\" data-post-permalink=\"yes\" style=\"display: none;\"><\/a>\n    \n\t\n\t\n\t\n\t\t\n\t\t\t<figure class=\"post-image  clearfix\">\n\n\t\t\t\t\t\t\t\t\t<a href=\"https:\/\/annick-moerman.com\/index.php\/2024\/06\/11\/em-frankfurt-2024\/\"><img loading=\"lazy\" src=\"https:\/\/annick-moerman.com\/wp-content\/uploads\/2024\/06\/stock-photo-karachi-pakistan-october-uefa-euro-germany-logo-with-stadium-celebration-2374498905-1024x750-800x460.jpg\" width=\"800\" height=\"460\" class=\" wp-post-image wp-image-610\" title=\"stock-photo-karachi-pakistan-october-uefa-euro-germany-logo-with-stadium-celebration-2374498905\" alt=\"stock-photo-karachi-pakistan-october-uefa-euro-germany-logo-with-stadium-celebration-2374498905\" srcset=\"https:\/\/annick-moerman.com\/wp-content\/uploads\/2024\/06\/stock-photo-karachi-pakistan-october-uefa-euro-germany-logo-with-stadium-celebration-2374498905-1024x750-800x460.jpg 800w, https:\/\/annick-moerman.com\/wp-content\/uploads\/2024\/06\/stock-photo-karachi-pakistan-october-uefa-euro-germany-logo-with-stadium-celebration-2374498905-1024x750-1160x665.jpg 1160w\" sizes=\"(max-width: 800px) 100vw, 800px\" \/><\/a>\n\t\t\t\t\n\t\t\t<\/figure>\n\n\t\t\n\t\n\t\n\t<div class=\"post-content\">\n\t\t<div class=\"post-content-inner\">\n\n\t\t\t\n\t\t\t\t\t\t\t <h2 class=\"post-title entry-title\">EM- Frankfurt 2024 <\/h2>\t\t\t\n\t\t\t\n\t\t\t\n\t\t\t<div class=\"entry-content\">\n\n\t\t\t\t\n\t\t\t\t\t\n<p><strong>Annick &amp; das Trio en Goguette<\/strong><\/p>\n\n\n\n<p>Am <strong>Di 25.06.24, 14.15-15.00<\/strong><\/p>\n\n\n\n<p>Ort:<strong> Fan Zone am Mainufer<\/strong>: <a href=\"https:\/\/de.uefa.com\/euro2024\/event-guide\/frankfurt-am-main\/festival\/\" data-type=\"URL\" data-id=\"https:\/\/de.uefa.com\/euro2024\/event-guide\/frankfurt-am-main\/festival\/\">https:\/\/de.uefa.com\/euro2024\/event-guide\/frankfurt-am-main\/festival\/<\/a><\/p>\n\n\n\n<p><\/p>\n\n\n<div class=\"themify_builder_content themify_builder_content-591 themify_builder not_editable_builder in_the_loop\" data-postid=\"591\">\n    <\/div>\n\n\t\t\t\t\n\t\t\t<\/div><!-- \/.entry-content -->\n\n\t\t\t\n\t\t<\/div>\n\t\t<!-- \/.post-content-inner -->\n\t<\/div>\n\t<!-- \/.post-content -->\n\t\n<\/article>\n<!-- \/.post -->\n\n\n<article id=\"post-581\" class=\"post clearfix post-581 type-post status-publish format-standard has-post-thumbnail hentry category-non-classe has-post-title no-post-date has-post-category has-post-tag has-post-comment has-post-author   cat-1\">\n\t\n            <a href=\"https:\/\/annick-moerman.com\/index.php\/2024\/06\/11\/condorcet\/\" aria-label=\"Il \u00e9tait une voix!\" data-post-permalink=\"yes\" style=\"display: none;\"><\/a>\n    \n\t\n\t\n\t\n\t\t\n\t\t\t<figure class=\"post-image  clearfix\">\n\n\t\t\t\t\t\t\t\t\t<a href=\"https:\/\/annick-moerman.com\/index.php\/2024\/06\/11\/condorcet\/\"><img loading=\"lazy\" src=\"https:\/\/annick-moerman.com\/wp-content\/uploads\/2024\/06\/P1110046-petit-1024x549-800x460.jpeg\" width=\"800\" height=\"460\" class=\" wp-post-image wp-image-616\" title=\"P1110046 - petit\" alt=\"P1110046 - petit\" srcset=\"https:\/\/annick-moerman.com\/wp-content\/uploads\/2024\/06\/P1110046-petit-1024x549-800x460.jpeg 800w, https:\/\/annick-moerman.com\/wp-content\/uploads\/2024\/06\/P1110046-petit-1024x549-1160x665.jpeg 1160w\" sizes=\"(max-width: 800px) 100vw, 800px\" \/><\/a>\n\t\t\t\t\n\t\t\t<\/figure>\n\n\t\t\n\t\n\t\n\t<div class=\"post-content\">\n\t\t<div class=\"post-content-inner\">\n\n\t\t\t\n\t\t\t\t\t\t\t <h2 class=\"post-title entry-title\">Il \u00e9tait une voix! <\/h2>\t\t\t\n\t\t\t\n\t\t\t\n\t\t\t<div class=\"entry-content\">\n\n\t\t\t\t\n\t\t\t\t\t\n<p>Soir\u00e9e fran\u00e7aise: Annick est l&#8217;invit\u00e9e du<strong> cercle philosophique Condorcet<\/strong> de Francfort. <\/p>\n\n\n\n<p>Am<strong> Mi 05.06.24<\/strong>, Einlass 19.00 \/ Beginn 19.30, Eintritt frei\/ Spende willkommen. <\/p>\n\n\n\n<p><a href=\"https:\/\/franzosen-frankfurt.mozello.com\">https:\/\/franzosen-frankfurt.mozello.com<\/a><\/p>\n\n\n\n<p><\/p>\n\n\n\n<p>Ort:<strong> Denkbar<\/strong>, Spohrstr. 46A, 60318, Frankfurt am Main<\/p>\n\n\n<div class=\"themify_builder_content themify_builder_content-581 themify_builder not_editable_builder in_the_loop\" data-postid=\"581\">\n    <\/div>\n\n\t\t\t\t\n\t\t\t<\/div><!-- \/.entry-content -->\n\n\t\t\t\n\t\t<\/div>\n\t\t<!-- \/.post-content-inner -->\n\t<\/div>\n\t<!-- \/.post-content -->\n\t\n<\/article>\n<!-- \/.post -->\n\n\n<article id=\"post-568\" class=\"post clearfix post-568 type-post status-publish format-standard has-post-thumbnail hentry category-non-classe has-post-title no-post-date has-post-category has-post-tag has-post-comment has-post-author   cat-1\">\n\t\n            <a href=\"https:\/\/annick-moerman.com\/index.php\/2024\/06\/11\/bluewinternights-poetry-jam-classic\/\" aria-label=\"#BLUEWINTERNIGHTS, Poetry jam &#038; classic\" data-post-permalink=\"yes\" style=\"display: none;\"><\/a>\n    \n\t\n\t\n\t\n\t\t\n\t\t\t<figure class=\"post-image  clearfix\">\n\n\t\t\t\t\t\t\t\t\t<a href=\"https:\/\/annick-moerman.com\/index.php\/2024\/06\/11\/bluewinternights-poetry-jam-classic\/\"><img loading=\"lazy\" src=\"https:\/\/annick-moerman.com\/wp-content\/uploads\/2024\/06\/image0-1-1024x768-800x460.jpeg\" width=\"800\" height=\"460\" class=\" wp-post-image wp-image-572\" title=\"image0\" alt=\"image0\" srcset=\"https:\/\/annick-moerman.com\/wp-content\/uploads\/2024\/06\/image0-1-1024x768-800x460.jpeg 800w, https:\/\/annick-moerman.com\/wp-content\/uploads\/2024\/06\/image0-1-1024x768-1160x665.jpeg 1160w\" sizes=\"(max-width: 800px) 100vw, 800px\" \/><\/a>\n\t\t\t\t\n\t\t\t<\/figure>\n\n\t\t\n\t\n\t\n\t<div class=\"post-content\">\n\t\t<div class=\"post-content-inner\">\n\n\t\t\t\n\t\t\t\t\t\t\t <h2 class=\"post-title entry-title\">#BLUEWINTERNIGHTS, Poetry jam &#038; classic <\/h2>\t\t\t\n\t\t\t\n\t\t\t\n\t\t\t<div class=\"entry-content\">\n\n\t\t\t\t\n\t\t\t\t\t\n<p>Sprache und Musik !<\/p>\n\n\n\n<p>Am <strong>Sa 06.02.24<\/strong>, Einlass: 19.30 \/ Beginn: 20.15, Eintritt: 15\u20ac\/8\u20ac<\/p>\n\n\n\n<p>Ort: <strong>ESCHBORN K<\/strong>, <a href=\"http:\/\/www.eschborn-K.de\" data-type=\"URL\" data-id=\"www.eschborn-K.de\">www.eschborn-K.de<\/a>, Jahnstr. 3 (Im Hinterhaus), 65760 Eschborn.<\/p>\n\n\n\n<p>Mit: Petra Seystahl, Thorsten Zeller, Jonas Elpelt (poetry slam), Marius Laurian Closca (Klavier) &amp; Annick (Gesang)<\/p>\n\n\n<div class=\"themify_builder_content themify_builder_content-568 themify_builder not_editable_builder in_the_loop\" data-postid=\"568\">\n    <\/div>\n\n\t\t\t\t\n\t\t\t<\/div><!-- \/.entry-content -->\n\n\t\t\t\n\t\t<\/div>\n\t\t<!-- \/.post-content-inner -->\n\t<\/div>\n\t<!-- \/.post-content -->\n\t\n<\/article>\n<!-- \/.post -->\n\n\n<article id=\"post-553\" class=\"post clearfix post-553 type-post status-publish format-standard has-post-thumbnail hentry category-non-classe has-post-title no-post-date has-post-category has-post-tag has-post-comment has-post-author   cat-1\">\n\t\n            <a href=\"https:\/\/annick-moerman.com\/index.php\/2024\/01\/21\/trio-en-goguette\/\" aria-label=\"Trio &#8220;En Goguette&#8221;\" data-post-permalink=\"yes\" style=\"display: none;\"><\/a>\n    \n\t\n\t\n\t\n\t\t\n\t\t\t<figure class=\"post-image  clearfix\">\n\n\t\t\t\t\t\t\t\t\t<a href=\"https:\/\/annick-moerman.com\/index.php\/2024\/01\/21\/trio-en-goguette\/\"><img loading=\"lazy\" src=\"https:\/\/annick-moerman.com\/wp-content\/uploads\/2024\/02\/image-2-1024x526-800x460.jpeg\" width=\"800\" height=\"460\" class=\" wp-post-image wp-image-555\" title=\"image-2\" alt=\"image-2\" srcset=\"https:\/\/annick-moerman.com\/wp-content\/uploads\/2024\/02\/image-2-1024x526-800x460.jpeg 800w, https:\/\/annick-moerman.com\/wp-content\/uploads\/2024\/02\/image-2-1024x526-1160x665.jpeg 1160w\" sizes=\"(max-width: 800px) 100vw, 800px\" \/><\/a>\n\t\t\t\t\n\t\t\t<\/figure>\n\n\t\t\n\t\n\t\n\t<div class=\"post-content\">\n\t\t<div class=\"post-content-inner\">\n\n\t\t\t\n\t\t\t\t\t\t\t <h2 class=\"post-title entry-title\">Trio &#8220;En Goguette&#8221; <\/h2>\t\t\t\n\t\t\t\n\t\t\t\n\t\t\t<div class=\"entry-content\">\n\n\t\t\t\t\n\t\t\t\t\t\n<p>Am <strong>So 21.01.24<\/strong>, Einlass 19.00 \/ Beginn 20.00, Eintritt: 12\u20ac\/8\u20ac<\/p>\n\n\n\n<p>Ort:  <strong>Agora am Ostbahnhof<\/strong>, Erbacher Str. 89, 64287 Darmstadt<\/p>\n\n\n\n<p>Das Trio spielt jazzige Chansons und chansonartigen Jazz. Annick Moerman (Gesang) , Wenzel Heldens (Klavier) und Thomas Seifried (Kontrabass) interpretieren franz\u00f6sische Chansons und Klassiker von u.a. Michel Legrand und Gershwin mit Melancholie, Zartheit und jazzigem Groove. Auch der eine oder andere Jazzstandard fehlt nicht und erh\u00e4lt ganz eigene Charakter. <\/p>\n\n\n\n<p> <a rel=\"noreferrer noopener\" href=\"https:\/\/agora-eg.de\/events\/liste\/?tribe-bar-date=2024-01-21\" target=\"_blank\">https:\/\/agora-eg.de\/events\/liste\/?tribe-bar-date=2024-01-21<\/a> im Rahmen des Festivals DAZZ Jazz Winter Darmstadt.<\/p>\n\n\n<div class=\"themify_builder_content themify_builder_content-553 themify_builder not_editable_builder in_the_loop\" data-postid=\"553\">\n    <\/div>\n\n\t\t\t\t\n\t\t\t<\/div><!-- \/.entry-content -->\n\n\t\t\t\n\t\t<\/div>\n\t\t<!-- \/.post-content-inner -->\n\t<\/div>\n\t<!-- \/.post-content -->\n\t\n<\/article>\n<!-- \/.post -->\n\n\n<article id=\"post-519\" class=\"post clearfix post-519 type-post status-publish format-standard has-post-thumbnail hentry category-non-classe has-post-title no-post-date has-post-category has-post-tag has-post-comment has-post-author   cat-1\">\n\t\n            <a href=\"https:\/\/annick-moerman.com\/index.php\/2023\/07\/17\/naechstes-auftritt-resistance-a-la-francaise\/\" aria-label=\"R\u00e9sistance \u00e0 la fran\u00e7aise!\" data-post-permalink=\"yes\" style=\"display: none;\"><\/a>\n    \n\t\n\t\n\t\n\t\t\n\t\t\t<figure class=\"post-image  clearfix\">\n\n\t\t\t\t\t\t\t\t\t<a href=\"https:\/\/annick-moerman.com\/index.php\/2023\/07\/17\/naechstes-auftritt-resistance-a-la-francaise\/\"><img loading=\"lazy\" src=\"https:\/\/annick-moerman.com\/wp-content\/uploads\/2023\/07\/tillion-Resistance-a-la-francaise-800x460.jpg\" width=\"800\" height=\"460\" class=\" wp-post-image wp-image-524\" title=\"tillion-R\u00e9sistance \u00e0 la fran\u00e7aise\" alt=\"tillion-R\u00e9sistance \u00e0 la fran\u00e7aise\" srcset=\"https:\/\/annick-moerman.com\/wp-content\/uploads\/2023\/07\/tillion-Resistance-a-la-francaise-800x460.jpg 800w, https:\/\/annick-moerman.com\/wp-content\/uploads\/2023\/07\/tillion-Resistance-a-la-francaise-1160x665.jpg 1160w\" sizes=\"(max-width: 800px) 100vw, 800px\" \/><\/a>\n\t\t\t\t\n\t\t\t<\/figure>\n\n\t\t\n\t\n\t\n\t<div class=\"post-content\">\n\t\t<div class=\"post-content-inner\">\n\n\t\t\t\n\t\t\t\t\t\t\t <h2 class=\"post-title entry-title\">R\u00e9sistance \u00e0 la fran\u00e7aise! <\/h2>\t\t\t\n\t\t\t\n\t\t\t\n\t\t\t<div class=\"entry-content\">\n\n\t\t\t\t\n\t\t\t\t\t\n<p><strong>Konzertperformance <\/strong>mit Liedern aus der Operette <strong>&#8221;le Verf\u00fcgbar aux enfers&#8221;<\/strong> von  <strong>Germaine Tillion<\/strong>.<\/p>\n\n\n\n<p>Mit: <strong>Annick Moerman<\/strong> (S\u00e4ngerin), <strong>Myriam Tancredi<\/strong> (Schauspielerin) &amp; <strong>Ying Jing-Labutin<\/strong> ( Pianistin)<\/p>\n\n\n\n<p>Am <strong>Fr 22. <\/strong>und <strong> Sa 23. September 2023<\/strong>, jeweils 20.00Uhr<\/p>\n\n\n\n<p>Ort: <strong>Haus am Dom<\/strong>, Domplatz 3, 60311 Frankfurt am Main<\/p>\n\n\n\n<p>Ticket: 15\u20ac \/ 12\u20ac  beim Haus am Dom: <a href=\"https:\/\/hausamdom-frankfurt.de\">https:\/\/hausamdom-frankfurt.de<\/a><\/p>\n\n\n\n<p>Mit der Unterst\u00fctzung von <a href=\"http:\/\/www.artes-forum.org\" data-type=\"URL\" data-id=\"www.artes-forum.org\">www.artes-forum.org<\/a><\/p>\n\n\n<div class=\"themify_builder_content themify_builder_content-519 themify_builder not_editable_builder in_the_loop\" data-postid=\"519\">\n    <\/div>\n\n\n\n<p><\/p>\n\n\t\t\t\t\n\t\t\t<\/div><!-- \/.entry-content -->\n\n\t\t\t\n\t\t<\/div>\n\t\t<!-- \/.post-content-inner -->\n\t<\/div>\n\t<!-- \/.post-content -->\n\t\n<\/article>\n<!-- \/.post -->\n\n\n<article id=\"post-435\" class=\"post clearfix post-435 type-post status-publish format-standard has-post-thumbnail hentry category-non-classe has-post-title no-post-date has-post-category has-post-tag has-post-comment has-post-author   cat-1\">\n\t\n            <a href=\"https:\/\/annick-moerman.com\/index.php\/2023\/04\/24\/wir-sind-soweit-unsere-neue-cd-erscheint-in-mai-2023\/\" aria-label=\"Wir sind soweit: unsere neue  CD ist in Juni 2023 erschienen!\" data-post-permalink=\"yes\" style=\"display: none;\"><\/a>\n    \n\t\n\t\n\t\n\t\t\n\t\t\t<figure class=\"post-image  clearfix\">\n\n\t\t\t\t\t\t\t\t\t<a href=\"https:\/\/annick-moerman.com\/index.php\/2023\/04\/24\/wir-sind-soweit-unsere-neue-cd-erscheint-in-mai-2023\/\"><img loading=\"lazy\" src=\"https:\/\/annick-moerman.com\/wp-content\/uploads\/2023\/04\/electraBizarr-1018x1024-800x460.jpg\" width=\"800\" height=\"460\" class=\" wp-post-image wp-image-447\" title=\"electraBizarr\" alt=\"electraBizarr\" srcset=\"https:\/\/annick-moerman.com\/wp-content\/uploads\/2023\/04\/electraBizarr-1018x1024-800x460.jpg 800w, https:\/\/annick-moerman.com\/wp-content\/uploads\/2023\/04\/electraBizarr-1018x1024-1160x665.jpg 1160w\" sizes=\"(max-width: 800px) 100vw, 800px\" \/><\/a>\n\t\t\t\t\n\t\t\t<\/figure>\n\n\t\t\n\t\n\t\n\t<div class=\"post-content\">\n\t\t<div class=\"post-content-inner\">\n\n\t\t\t\n\t\t\t\t\t\t\t <h2 class=\"post-title entry-title\">Wir sind soweit: unsere neue  CD ist in Juni 2023 erschienen! <\/h2>\t\t\t\n\t\t\t\n\t\t\t\n\t\t\t<div class=\"entry-content\">\n\n\t\t\t\t\n\t\t\t\t\t\n<p>mit Texten &amp; Vocals von Annick Moerman und Komposition &amp; Sounddesign von <strong>Elvira Plenar<\/strong>: <a href=\"http:\/\/Elviraplenar.de\">http:\/\/Elviraplenar.de<\/a><\/p>\n\n\n\n<p><\/p>\n\n\n<div class=\"themify_builder_content themify_builder_content-435 themify_builder not_editable_builder in_the_loop\" data-postid=\"435\">\n    <\/div>\n\n\t\t\t\t\n\t\t\t<\/div><!-- \/.entry-content -->\n\n\t\t\t\n\t\t<\/div>\n\t\t<!-- \/.post-content-inner -->\n\t<\/div>\n\t<!-- \/.post-content -->\n\t\n<\/article>\n<!-- \/.post -->\n\n\n<article id=\"post-332\" class=\"post clearfix post-332 type-post status-publish format-standard has-post-thumbnail hentry category-non-classe has-post-title no-post-date has-post-category has-post-tag has-post-comment has-post-author   cat-1\">\n\t\n            <a href=\"https:\/\/annick-moerman.com\/index.php\/2022\/03\/17\/franzoesische-chansons\/\" aria-label=\"Konzert :  &#8221;Chansons d&#8217;Amour&#8221;\" data-post-permalink=\"yes\" style=\"display: none;\"><\/a>\n    \n\t\n\t\n\t\n\t\t\n\t\t\t<figure class=\"post-image  clearfix\">\n\n\t\t\t\t\t\t\t\t\t<a href=\"https:\/\/annick-moerman.com\/index.php\/2022\/03\/17\/franzoesische-chansons\/\"><img loading=\"lazy\" src=\"https:\/\/annick-moerman.com\/wp-content\/uploads\/2022\/03\/Image-2-1024x768-800x460.jpg\" width=\"800\" height=\"460\" class=\" wp-post-image wp-image-335\" title=\"Image-2\" alt=\"Image-2\" srcset=\"https:\/\/annick-moerman.com\/wp-content\/uploads\/2022\/03\/Image-2-1024x768-800x460.jpg 800w, https:\/\/annick-moerman.com\/wp-content\/uploads\/2022\/03\/Image-2-1024x768-1160x665.jpg 1160w\" sizes=\"(max-width: 800px) 100vw, 800px\" \/><\/a>\n\t\t\t\t\n\t\t\t<\/figure>\n\n\t\t\n\t\n\t\n\t<div class=\"post-content\">\n\t\t<div class=\"post-content-inner\">\n\n\t\t\t\n\t\t\t\t\t\t\t <h2 class=\"post-title entry-title\">Konzert :  &#8221;Chansons d&#8217;Amour&#8221; <\/h2>\t\t\t\n\t\t\t\n\t\t\t\n\t\t\t<div class=\"entry-content\">\n\n\t\t\t\t\n\t\t\t\t\t\n<p>Liederabend : Franz\u00f6sische Lieder und Chansons <br><strong>mit<\/strong> am Klavier<strong> Wenzel Heldens<\/strong><\/p>\n\n\n\n<p><strong>Termin<\/strong> So 15.5.2022, 19.30 Uhr<br><br><strong>Ort<\/strong> Haus der Deutsch-Balten, Herdweg 79, Darmstadt <br><strong>Eintritt<\/strong> Abendkasse 15 \u20ac \/ 10 \u20ac erm\u00e4ssigt<br><strong>Veranstalter <\/strong>Deutsch-Baltische Gesellschaft &#8211; Mail: info@deutsch-balten.de<\/p>\n\n\n\n<p><\/p>\n\n\n<div class=\"themify_builder_content themify_builder_content-332 themify_builder not_editable_builder in_the_loop\" data-postid=\"332\">\n    <\/div>\n\n\t\t\t\t\n\t\t\t<\/div><!-- \/.entry-content -->\n\n\t\t\t\n\t\t<\/div>\n\t\t<!-- \/.post-content-inner -->\n\t<\/div>\n\t<!-- \/.post-content -->\n\t\n<\/article>\n<!-- \/.post -->\n        <\/div><!-- .builder-posts-wrap -->\n                    <\/div>\n    <!-- \/module post -->\n\n\t        <\/div>\n\t    \t<\/div>\n\t\t    <\/div>\n\t    <!-- \/row_inner -->\n\t<\/div>\n\t<!-- \/module_row -->\n\t<\/div>\n\n\n\n\n<p><\/p>\n","protected":false},"excerpt":{"rendered":"<p>News<\/p>\n","protected":false},"author":1,"featured_media":0,"parent":0,"menu_order":0,"comment_status":"closed","ping_status":"closed","template":"","meta":[],"builder_content":"<h1><em><strong>News<\/strong><\/em><\/h1>\n","_links":{"self":[{"href":"https:\/\/annick-moerman.com\/index.php\/wp-json\/wp\/v2\/pages\/20"}],"collection":[{"href":"https:\/\/annick-moerman.com\/index.php\/wp-json\/wp\/v2\/pages"}],"about":[{"href":"https:\/\/annick-moerman.com\/index.php\/wp-json\/wp\/v2\/types\/page"}],"author":[{"embeddable":true,"href":"https:\/\/annick-moerman.com\/index.php\/wp-json\/wp\/v2\/users\/1"}],"replies":[{"embeddable":true,"href":"https:\/\/annick-moerman.com\/index.php\/wp-json\/wp\/v2\/comments?post=20"}],"version-history":[{"count":27,"href":"https:\/\/annick-moerman.com\/index.php\/wp-json\/wp\/v2\/pages\/20\/revisions"}],"predecessor-version":[{"id":376,"href":"https:\/\/annick-moerman.com\/index.php\/wp-json\/wp\/v2\/pages\/20\/revisions\/376"}],"wp:attachment":[{"href":"https:\/\/annick-moerman.com\/index.php\/wp-json\/wp\/v2\/media?parent=20"}],"curies":[{"name":"wp","href":"https:\/\/api.w.org\/{rel}","templated":true}]}}