{"id":78,"date":"2020-04-18T16:40:48","date_gmt":"2020-04-18T14:40:48","guid":{"rendered":"http:\/\/annick-moerman.com\/?page_id=78"},"modified":"2025-05-07T15:37:27","modified_gmt":"2025-05-07T13:37:27","slug":"gesangsunterricht","status":"publish","type":"page","link":"https:\/\/annick-moerman.com\/index.php\/gesangsunterricht\/","title":{"rendered":"Gesangsunterricht"},"content":{"rendered":"<div id=\"themify_builder_content-78\" data-postid=\"78\" class=\"themify_builder_content themify_builder_content-78 themify_builder\">\n    \t<!-- module_row -->\n\t<div   class=\"themify_builder_row module_row clearfix fullcover fullwidth_row_container module_row_0 themify_builder_78_row module_row_78-0 tb_yng6443\">\n\t    \t    <div class=\"row_inner col_align_middle\"   data-basecol=\"2\" data-col_tablet=\"column-full\" data-col_tablet_landscape=\"column-full\">\n\t\t\t<div  class=\"module_column tb-column col4-2 first tb_78_column module_column_0 module_column_78-0-0 tb_2ac7445 repeat\" style=\"width: 92%\" >\n\t    \t    \t        <div class=\"tb-column-inner\">\n\t\t    <!-- module text -->\n<div  class=\"module module-text tb_qhyd446    \">\n            <div  class=\"tb_text_wrap\">\n    <h1 style=\"text-align: right;\">Gesangsunterricht<\/h1>\n<p style=\"text-align: right;\">\u00a0<\/p>\n<h3 style=\"text-align: right;\"><strong>Seit \u00fcber zwanzig\u00a0Jahren<\/strong><i>\u00a0gebe ich\u00a0Gesangsunterricht<\/i><\/h3>\n<h3 style=\"text-align: right;\"><i> und biete Einzelunterricht sowie Gesangsworkshop an.\u00a0<\/i>\u00a0<\/h3>    <\/div>\n<\/div>\n<!-- \/module text -->\n\t        <\/div>\n\t    \t<\/div>\n\t\t<div  class=\"module_column tb-column col4-2 last tb_78_column module_column_1 module_column_78-0-1 tb_o1op448 repeat\" style=\"width: 4.8%\" >\n\t    \t    \t<\/div>\n\t\t    <\/div>\n\t    <!-- \/row_inner -->\n\t<\/div>\n\t<!-- \/module_row -->\n\t\t<!-- module_row -->\n\t<div   id=\"wwwstimmdichde\" class=\"themify_builder_row module_row clearfix module_row_1 themify_builder_78_row module_row_78-1 tb_bezw568\">\n\t    \t    <div class=\"row_inner col_align_top\" >\n\t\t\t<div  class=\"module_column tb-column col-full first tb_78_column module_column_0 module_column_78-1-0 tb_viw7571\">\n\t    \t    \t        <div class=\"tb-column-inner\">\n\t\t    \n    <!-- module video -->\n    <div  class=\"module module-video tb_al3r84 video-top   \">\n\t                    <h3 class=\"module-title\">Ich bin seit 2010 fest Lehrerin bei StimmDich Schule in Hofheim \/Taunus<\/h3>                <div class=\"video-wrap\">\n\n\t\t\t<div class=\"tb_video_overlay\" data-href=\"https:\/\/player.vimeo.com\/video\/331102741?dnt=1&#038;app_id=122963\">\n\t\t\t\t<span class=\"tb_video_play\"><\/span>\n\t\t\t\t\t\t\t<\/div>\n\n        <\/div>\n        <!-- \/video-wrap -->\n\n            <\/div>\n    <!-- \/module video -->\n    \t        <\/div>\n\t    \t<\/div>\n\t\t    <\/div>\n\t    <!-- \/row_inner -->\n\t<\/div>\n\t<!-- \/module_row -->\n\t\t<!-- module_row -->\n\t<div   class=\"themify_builder_row module_row clearfix module_row_2 themify_builder_78_row module_row_78-2 tb_lbjh875\">\n\t    \t    <div class=\"row_inner col_align_middle\"   data-basecol=\"2\" data-col_tablet=\"column-full\">\n\t\t\t<div  class=\"module_column tb-column col4-2 first tb_78_column module_column_0 module_column_78-2-0 tb_i5yt876\" >\n\t    \t    \t        <div class=\"tb-column-inner\">\n\t\t        <!-- module buttons -->\n    <div  class=\"module module-buttons tb_m8g9878 xlarge solid circle  \">\n\t        \t<div class=\"module-buttons\">\n                            <div class=\"module-buttons-item  buttons-horizontal\">\n\t\t    \t\t\t<a href=\"https:\/\/www.stimmdich.de\" class=\"ui builder_button purple\" target=\"_blank\" rel=\"noopener\">\n\t\t    \t\t    \t\t\t<span>STIMMDICH<\/span>\n\t\t    \t\t    \t\t\t<\/a>\n\t\t                    <\/div>\n                    <\/div>\n    <\/div>\n    <!-- \/module buttons -->\n\t        <\/div>\n\t    \t<\/div>\n\t\t<div  class=\"module_column tb-column col4-2 last tb_78_column module_column_1 module_column_78-2-1 tb_mdb3878\" >\n\t    \t    \t<\/div>\n\t\t    <\/div>\n\t    <!-- \/row_inner -->\n\t<\/div>\n\t<!-- \/module_row -->\n\t\t<!-- module_row -->\n\t<div   class=\"themify_builder_row module_row clearfix module_row_3 themify_builder_78_row module_row_78-3 tb_bbt8756\">\n\t    \t    <div class=\"row_inner col_align_top\" >\n\t\t\t<div  class=\"module_column tb-column col2-1 first tb_78_column module_column_0 module_column_78-3-0 tb_g7cu757\">\n\t    \t    \t<\/div>\n\t\t<div  class=\"module_column tb-column col2-1 last tb_78_column module_column_1 module_column_78-3-1 tb_rpm9757\">\n\t    \t    \t<\/div>\n\t\t    <\/div>\n\t    <!-- \/row_inner -->\n\t<\/div>\n\t<!-- \/module_row -->\n\t\t<!-- module_row -->\n\t<div   class=\"themify_builder_row module_row clearfix fullwidth_row_container module_row_4 themify_builder_78_row module_row_78-4 tb_e1zb103\">\n\t    \t    <div class=\"row_inner col_align_bottom gutter-none col_auto_height direction-rtl\"   data-desktop_dir=\"rtl\" data-tablet_dir=\"rtl\" data-tablet_landscape_dir=\"rtl\" data-basecol=\"1\" data-col_mobile=\"column-full\">\n\t\t\t<div  class=\"module_column tb-column col-full first tb_78_column module_column_0 module_column_78-4-0 tb_lasm104\">\n\t    \t    \t        <div class=\"tb-column-inner\">\n\t\t    \t<div  class=\"themify_builder_sub_row module_subrow clearfix sub_row_4-0-0 tb_vq4x105\" >\n\t    \t    <div class=\"subrow_inner gutter-none col_align_middle\"   data-basecol=\"2\" data-col_tablet=\"column4-2\" data-col_tablet_landscape=\"column4-2\" data-col_mobile=\"column-full\">\n\t\t\t<div  class=\"sub_column module_column col2-1 first sub_column_post_78 sub_column_4-0-0-0 tb_vlpw106\"> \n\t    \t    \t        <div class=\"tb-column-inner\">\n\t\t        <!-- module image -->\n    <div  class=\"module module-image tb_3sc4106  image-center  \" data-lax=\"true\" data-lax-anchor=\"self\" data-lax-optimize=\"true\" data-lax-translate-y=\"(vh*0.7) 0,(vh*0) -70\" data-lax-v-speed=\"1\" data-lax-no-op=\"true\" style=\"z-index:1;\">\n\t                <div class=\"image-wrap\">\n                            <img src=\"http:\/\/annick-moerman.com\/wp-content\/uploads\/2022\/03\/Annick_Studio_8369-copie-600x652.jpg\" width=\"600\" class=\" wp-post-image wp-image-352\" title=\"Annick_Studio_8369 - copie\" alt=\"Annick_Studio_8369 - copie\" srcset=\"https:\/\/annick-moerman.com\/wp-content\/uploads\/2022\/03\/Annick_Studio_8369-copie-600x652.jpg 600w, https:\/\/annick-moerman.com\/wp-content\/uploads\/2022\/03\/Annick_Studio_8369-copie-276x300.jpg 276w, https:\/\/annick-moerman.com\/wp-content\/uploads\/2022\/03\/Annick_Studio_8369-copie.jpg 698w\" sizes=\"(max-width: 600px) 100vw, 600px\" \/>            \n                        <\/div>\n            <!-- \/image-wrap -->\n        \n        \n        <\/div>\n    <!-- \/module image -->\n\t        <\/div>\n\t    \t<\/div>\n\t\t<div  class=\"sub_column module_column col2-1 last sub_column_post_78 sub_column_4-0-0-1 tb_m8s0107\"> \n\t    \t    \t        <div class=\"tb-column-inner\">\n\t\t    <!-- module text -->\n<div  class=\"module module-text tb_daad107  repeat  \" style=\"z-index:3;\">\n            <div  class=\"tb_text_wrap\">\n    <h4>Gesangsunterricht in Frankfurt: Montag &amp; Samstag bei der Frankfurt Music Academy, und am Mittwoch Privat \u00a0in dem Raum von DoMiSol-Schule in FFM-Bockenheim.\u00a0<\/h4>\n<p>Ich biete auch privaten Einzelgesangsunterricht an: alle Niveaus und alle Musikrichtungen.<\/p>\n<p><span style=\"font-size: 16px;\">Meine regelma\u0308\u00dfige Yogapraxis und meine Interesse an Psychologie machen mich zu einer Lehrerin, die gro\u00dfen Wert auf einen ganzheitlichen Ansatz fu\u0308r die Stimme legt. Mein natu\u0308rliches Einfu\u0308hlungsvermo\u0308gen hat eine gro\u00dfe Anzahl von Schu\u0308lern aller Niveaustufen vorangebracht \ud83d\ude42<\/span><\/p>\n<div class=\"page\" title=\"Page 2\">\n<div class=\"section\">\n<div class=\"layoutArea\">\n<div class=\"column\">\n<h6>Les cours peuvent se donner en fran\u00e7ais, ma langue maternelle.<\/h6>\n<p>Wenn Sie Interesse haben, biete ich Ihnen gerne eine kostenlose Probestunde zum Kennenlernen an.<\/p>\n<\/div>\n<\/div>\n<\/div>\n<\/div>    <\/div>\n<\/div>\n<!-- \/module text -->\n\t        <\/div>\n\t    \t<\/div>\n\t\t    <\/div>\n\t<\/div><!-- \/themify_builder_sub_row -->\n\t\t<div  class=\"themify_builder_sub_row module_subrow clearfix sub_row_4-0-1 tb_m8j7108\">\n\t    \t    <div class=\"subrow_inner gutter-none col_align_middle\"   data-mobile_dir=\"rtl\" data-basecol=\"2\" data-col_tablet=\"column4-2\" data-col_tablet_landscape=\"column4-2\">\n\t\t\t<div  class=\"sub_column module_column col2-1 first sub_column_post_78 sub_column_4-0-1-0 tb_w6tv108\"> \n\t    \t    \t        <div class=\"tb-column-inner\">\n\t\t    <!-- module text -->\n<div  class=\"module module-text tb_qe7v109  repeat  \" style=\"z-index:3;\">\n                <h3 class=\"module-title\">Ausserdem :<\/h3>        <div  class=\"tb_text_wrap\">\n    <p>Chorrepetition, <br \/>Vorbereitung f\u00fcr UniAufnahmepr\u00fcfung, <br \/>Stimmbildung f\u00fcr Ch\u00f6re, <br \/>Coaching in Aufnahmestudios, <br \/>Vocal Coach f\u00fcr Theaterprojekte ( z.B. K\u00f6nigskinder mit Artes 2008), <br \/>Coach f\u00fcr SprecherInnen und <br \/>regelm\u00e4ssig Workshops ( Thema u.a. Improvisation, Atempolarit\u00e4t, B\u00fchnenpr\u00e4zens ) .<span class=\"Apple-converted-space\">\u00a0<\/span><\/p>    <\/div>\n<\/div>\n<!-- \/module text -->\n\t        <\/div>\n\t    \t<\/div>\n\t\t<div  class=\"sub_column module_column col2-1 last sub_column_post_78 sub_column_4-0-1-1 tb_mfdv109\"> \n\t    \t    \t        <div class=\"tb-column-inner\">\n\t\t        <!-- module image -->\n    <div  class=\"module module-image tb_k5lk110  image-center  \" data-lax=\"true\" data-lax-anchor=\"self\" data-lax-optimize=\"true\" data-lax-translate-y=\"(vh*0.7) 0,(vh*0) -70\" data-lax-v-speed=\"1\" data-lax-no-op=\"true\" style=\"z-index:1;\">\n\t                <div class=\"image-wrap\">\n                            <img src=\"http:\/\/annick-moerman.com\/wp-content\/uploads\/2022\/04\/vocal-coach-melbourne-600x276.jpg\" width=\"600\" class=\" wp-post-image wp-image-392\" title=\"vocal-coach-melbourne\" alt=\"vocal-coach-melbourne\" srcset=\"https:\/\/annick-moerman.com\/wp-content\/uploads\/2022\/04\/vocal-coach-melbourne-600x276.jpg 600w, https:\/\/annick-moerman.com\/wp-content\/uploads\/2022\/04\/vocal-coach-melbourne-300x138.jpg 300w, https:\/\/annick-moerman.com\/wp-content\/uploads\/2022\/04\/vocal-coach-melbourne.jpg 760w\" sizes=\"(max-width: 600px) 100vw, 600px\" \/>            \n                        <\/div>\n            <!-- \/image-wrap -->\n        \n        \n        <\/div>\n    <!-- \/module image -->\n\t        <\/div>\n\t    \t<\/div>\n\t\t    <\/div>\n\t<\/div><!-- \/themify_builder_sub_row -->\n\t\t        <\/div>\n\t    \t<\/div>\n\t\t    <\/div>\n\t    <!-- \/row_inner -->\n\t<\/div>\n\t<!-- \/module_row -->\n\t<\/div>\n\n","protected":false},"excerpt":{"rendered":"<p>Gesangsunterricht \u00a0 Seit \u00fcber zwanzig\u00a0Jahren\u00a0gebe ich\u00a0Gesangsunterricht und biete Einzelunterricht sowie Gesangsworkshop an.\u00a0\u00a0 Ich bin seit 2010 fest Lehrerin bei StimmDich Schule in Hofheim \/Taunus STIMMDICH Gesangsunterricht in Frankfurt: Montag &amp; Samstag bei der Frankfurt Music Academy, und am Mittwoch Privat \u00a0in dem Raum von DoMiSol-Schule in FFM-Bockenheim.\u00a0 Ich biete auch privaten Einzelgesangsunterricht an: alle Niveaus [&hellip;]<\/p>\n","protected":false},"author":1,"featured_media":0,"parent":0,"menu_order":0,"comment_status":"closed","ping_status":"closed","template":"","meta":[],"builder_content":"<h1 style=\"text-align: right;\">Gesangsunterricht<\/h1> <p style=\"text-align: right;\">\u00a0<\/p> <h3 style=\"text-align: right;\"><strong>Seit \u00fcber zwanzig\u00a0Jahren<\/strong><i>\u00a0gebe ich\u00a0Gesangsunterricht<\/i><\/h3> <h3 style=\"text-align: right;\"><i> und biete Einzelunterricht sowie Gesangsworkshop an.\u00a0<\/i>\u00a0<\/h3>\n<h3>Ich bin seit 2010 fest Lehrerin bei StimmDich Schule in Hofheim \/Taunus<\/h3>\n<a href=\"https:\/\/www.stimmdich.de\" target=\"_blank\" rel=\"noopener\"> STIMMDICH <\/a>\n<img src=\"http:\/\/annick-moerman.com\/wp-content\/uploads\/2022\/03\/Annick_Studio_8369-copie-600x652.jpg\" width=\"600\" title=\"Annick_Studio_8369 - copie\" alt=\"Annick_Studio_8369 - copie\" srcset=\"https:\/\/annick-moerman.com\/wp-content\/uploads\/2022\/03\/Annick_Studio_8369-copie-600x652.jpg 600w, https:\/\/annick-moerman.com\/wp-content\/uploads\/2022\/03\/Annick_Studio_8369-copie-276x300.jpg 276w, https:\/\/annick-moerman.com\/wp-content\/uploads\/2022\/03\/Annick_Studio_8369-copie.jpg 698w\" sizes=\"(max-width: 600px) 100vw, 600px\" \/>\n<h4>Gesangsunterricht in Frankfurt: Montag &amp; Samstag bei der Frankfurt Music Academy, und am Mittwoch Privat \u00a0in dem Raum von DoMiSol-Schule in FFM-Bockenheim.\u00a0<\/h4> <p>Ich biete auch privaten Einzelgesangsunterricht an: alle Niveaus und alle Musikrichtungen.<\/p> <p>Meine regelma\u0308\u00dfige Yogapraxis und meine Interesse an Psychologie machen mich zu einer Lehrerin, die gro\u00dfen Wert auf einen ganzheitlichen Ansatz fu\u0308r die Stimme legt. Mein natu\u0308rliches Einfu\u0308hlungsvermo\u0308gen hat eine gro\u00dfe Anzahl von Schu\u0308lern aller Niveaustufen vorangebracht :-)<\/p>\n<h6>Les cours peuvent se donner en fran\u00e7ais, ma langue maternelle.<\/h6> <p>Wenn Sie Interesse haben, biete ich Ihnen gerne eine kostenlose Probestunde zum Kennenlernen an.<\/p>\n<h3>Ausserdem :<\/h3> <p>Chorrepetition, <br \/>Vorbereitung f\u00fcr UniAufnahmepr\u00fcfung, <br \/>Stimmbildung f\u00fcr Ch\u00f6re, <br \/>Coaching in Aufnahmestudios, <br \/>Vocal Coach f\u00fcr Theaterprojekte ( z.B. K\u00f6nigskinder mit Artes 2008), <br \/>Coach f\u00fcr SprecherInnen und <br \/>regelm\u00e4ssig Workshops ( Thema u.a. Improvisation, Atempolarit\u00e4t, B\u00fchnenpr\u00e4zens ) .\u00a0<\/p>\n<img src=\"http:\/\/annick-moerman.com\/wp-content\/uploads\/2022\/04\/vocal-coach-melbourne-600x276.jpg\" width=\"600\" title=\"vocal-coach-melbourne\" alt=\"vocal-coach-melbourne\" srcset=\"https:\/\/annick-moerman.com\/wp-content\/uploads\/2022\/04\/vocal-coach-melbourne-600x276.jpg 600w, https:\/\/annick-moerman.com\/wp-content\/uploads\/2022\/04\/vocal-coach-melbourne-300x138.jpg 300w, https:\/\/annick-moerman.com\/wp-content\/uploads\/2022\/04\/vocal-coach-melbourne.jpg 760w\" sizes=\"(max-width: 600px) 100vw, 600px\" \/>","_links":{"self":[{"href":"https:\/\/annick-moerman.com\/index.php\/wp-json\/wp\/v2\/pages\/78"}],"collection":[{"href":"https:\/\/annick-moerman.com\/index.php\/wp-json\/wp\/v2\/pages"}],"about":[{"href":"https:\/\/annick-moerman.com\/index.php\/wp-json\/wp\/v2\/types\/page"}],"author":[{"embeddable":true,"href":"https:\/\/annick-moerman.com\/index.php\/wp-json\/wp\/v2\/users\/1"}],"replies":[{"embeddable":true,"href":"https:\/\/annick-moerman.com\/index.php\/wp-json\/wp\/v2\/comments?post=78"}],"version-history":[{"count":45,"href":"https:\/\/annick-moerman.com\/index.php\/wp-json\/wp\/v2\/pages\/78\/revisions"}],"predecessor-version":[{"id":700,"href":"https:\/\/annick-moerman.com\/index.php\/wp-json\/wp\/v2\/pages\/78\/revisions\/700"}],"wp:attachment":[{"href":"https:\/\/annick-moerman.com\/index.php\/wp-json\/wp\/v2\/media?parent=78"}],"curies":[{"name":"wp","href":"https:\/\/api.w.org\/{rel}","templated":true}]}}